{"id":3675,"date":"2025-07-07T16:08:14","date_gmt":"2025-07-07T08:08:14","guid":{"rendered":"https:\/\/www.ultshare.com\/?page_id=3675"},"modified":"2025-07-08T14:06:27","modified_gmt":"2025-07-08T06:06:27","slug":"nasil-yapilir","status":"publish","type":"page","link":"https:\/\/www.ultshare.com\/tr\/nasil-yapilir","title":{"rendered":"Nas\u0131l Yap\u0131l\u0131r"},"content":{"rendered":"\t\t<div data-elementor-type=\"wp-page\" data-elementor-id=\"3675\" class=\"elementor elementor-3675\" data-elementor-settings=\"{&quot;element_pack_global_tooltip_width&quot;:{&quot;unit&quot;:&quot;px&quot;,&quot;size&quot;:&quot;&quot;,&quot;sizes&quot;:[]},&quot;element_pack_global_tooltip_width_tablet&quot;:{&quot;unit&quot;:&quot;px&quot;,&quot;size&quot;:&quot;&quot;,&quot;sizes&quot;:[]},&quot;element_pack_global_tooltip_width_mobile&quot;:{&quot;unit&quot;:&quot;px&quot;,&quot;size&quot;:&quot;&quot;,&quot;sizes&quot;:[]},&quot;element_pack_global_tooltip_padding&quot;:{&quot;unit&quot;:&quot;px&quot;,&quot;top&quot;:&quot;&quot;,&quot;right&quot;:&quot;&quot;,&quot;bottom&quot;:&quot;&quot;,&quot;left&quot;:&quot;&quot;,&quot;isLinked&quot;:true},&quot;element_pack_global_tooltip_padding_tablet&quot;:{&quot;unit&quot;:&quot;px&quot;,&quot;top&quot;:&quot;&quot;,&quot;right&quot;:&quot;&quot;,&quot;bottom&quot;:&quot;&quot;,&quot;left&quot;:&quot;&quot;,&quot;isLinked&quot;:true},&quot;element_pack_global_tooltip_padding_mobile&quot;:{&quot;unit&quot;:&quot;px&quot;,&quot;top&quot;:&quot;&quot;,&quot;right&quot;:&quot;&quot;,&quot;bottom&quot;:&quot;&quot;,&quot;left&quot;:&quot;&quot;,&quot;isLinked&quot;:true},&quot;element_pack_global_tooltip_border_radius&quot;:{&quot;unit&quot;:&quot;px&quot;,&quot;top&quot;:&quot;&quot;,&quot;right&quot;:&quot;&quot;,&quot;bottom&quot;:&quot;&quot;,&quot;left&quot;:&quot;&quot;,&quot;isLinked&quot;:true},&quot;element_pack_global_tooltip_border_radius_tablet&quot;:{&quot;unit&quot;:&quot;px&quot;,&quot;top&quot;:&quot;&quot;,&quot;right&quot;:&quot;&quot;,&quot;bottom&quot;:&quot;&quot;,&quot;left&quot;:&quot;&quot;,&quot;isLinked&quot;:true},&quot;element_pack_global_tooltip_border_radius_mobile&quot;:{&quot;unit&quot;:&quot;px&quot;,&quot;top&quot;:&quot;&quot;,&quot;right&quot;:&quot;&quot;,&quot;bottom&quot;:&quot;&quot;,&quot;left&quot;:&quot;&quot;,&quot;isLinked&quot;:true}}\" data-elementor-post-type=\"page\">\n\t\t\t\t\t\t<section class=\"elementor-section elementor-top-section elementor-element elementor-element-43f36c62 elementor-section-boxed elementor-section-height-default elementor-section-height-default\" data-id=\"43f36c62\" data-element_type=\"section\" data-e-type=\"section\" data-settings=\"{&quot;background_background&quot;:&quot;classic&quot;}\">\n\t\t\t\t\t\t\t<div class=\"elementor-background-overlay\"><\/div>\n\t\t\t\t\t\t\t<div class=\"elementor-container elementor-column-gap-default\">\n\t\t\t\t\t<div class=\"elementor-column elementor-col-100 elementor-top-column elementor-element elementor-element-26a22070\" data-id=\"26a22070\" data-element_type=\"column\" data-e-type=\"column\">\n\t\t\t<div class=\"elementor-widget-wrap elementor-element-populated\">\n\t\t\t\t\t\t<div class=\"elementor-element elementor-element-2cb74a25 elementor-grid-3 elementor-grid-tablet-2 elementor-grid-mobile-1 elementor-posts--thumbnail-top elementor-card-shadow-yes elementor-posts__hover-gradient elementor-widget elementor-widget-posts\" data-id=\"2cb74a25\" data-element_type=\"widget\" data-e-type=\"widget\" data-settings=\"{&quot;pagination_type&quot;:&quot;numbers&quot;,&quot;cards_columns&quot;:&quot;3&quot;,&quot;cards_columns_tablet&quot;:&quot;2&quot;,&quot;cards_columns_mobile&quot;:&quot;1&quot;,&quot;cards_row_gap&quot;:{&quot;unit&quot;:&quot;px&quot;,&quot;size&quot;:35,&quot;sizes&quot;:[]},&quot;cards_row_gap_tablet&quot;:{&quot;unit&quot;:&quot;px&quot;,&quot;size&quot;:&quot;&quot;,&quot;sizes&quot;:[]},&quot;cards_row_gap_mobile&quot;:{&quot;unit&quot;:&quot;px&quot;,&quot;size&quot;:&quot;&quot;,&quot;sizes&quot;:[]}}\" data-widget_type=\"posts.cards\">\n\t\t\t\t<div class=\"elementor-widget-container\">\n\t\t\t\t\t\t\t<div class=\"elementor-posts-container elementor-posts elementor-posts--skin-cards elementor-grid\" role=\"list\">\n\t\t\t\t<article class=\"elementor-post elementor-grid-item post-3746 post type-post status-publish format-standard hentry category-telefon-cozumu\" role=\"listitem\">\n\t\t\t<div class=\"elementor-post__card\">\n\t\t\t\t<div class=\"elementor-post__text\">\n\t\t\t\t<h3 class=\"elementor-post__title\">\n\t\t\t<a href=\"https:\/\/www.ultshare.com\/tr\/iphone-sifremi-unuttum.html\" >\n\t\t\t\tTelefonumun \u015eifresini Unuttum, Nas\u0131l A\u00e7abilirim?\t\t\t<\/a>\n\t\t<\/h3>\n\t\t\t\t<div class=\"elementor-post__excerpt\">\n\t\t\t<p>Giri\u015f iPhone, kullan\u0131c\u0131 g\u00fcvenli\u011fi i\u00e7in g\u00fc\u00e7l\u00fc \u015fifreleme sistemleri sunar. Ancak, bazen \u015fifremizi unutabiliriz ve telefonumuzda oturum a\u00e7mak imkans\u0131z hale gelebilir. E\u011fer siz de \u201ciPhone \u015fifremi<\/p>\n\t\t<\/div>\n\t\t\n\t\t<a class=\"elementor-post__read-more\" href=\"https:\/\/www.ultshare.com\/tr\/iphone-sifremi-unuttum.html\" aria-label=\"Read more about Telefonumun \u015eifresini Unuttum, Nas\u0131l A\u00e7abilirim?\" tabindex=\"-1\" >\n\t\t\tRead More \u00bb\t\t<\/a>\n\n\t\t\t\t<\/div>\n\t\t\t\t<div class=\"elementor-post__meta-data\">\n\t\t\t\t\t<span class=\"elementor-post-date\">\n\t\t\t10\/07\/2025\t\t<\/span>\n\t\t\t\t<span class=\"elementor-post-avatar\">\n\t\t\tYorum yap\u0131lmam\u0131\u015f\t\t<\/span>\n\t\t\t\t<\/div>\n\t\t\t\t\t<\/div>\n\t\t<\/article>\n\t\t\t\t<article class=\"elementor-post elementor-grid-item post-3822 post type-post status-publish format-standard hentry category-telefon-cozumu\" role=\"listitem\">\n\t\t\t<div class=\"elementor-post__card\">\n\t\t\t\t<div class=\"elementor-post__text\">\n\t\t\t\t<h3 class=\"elementor-post__title\">\n\t\t\t<a href=\"https:\/\/www.ultshare.com\/tr\/icloud-sifremi-unuttum-ne-yapabilirim.html\" >\n\t\t\t\tiCloud \u015eifremi Unuttum, Ne Yapabilirim?\t\t\t<\/a>\n\t\t<\/h3>\n\t\t\t\t<div class=\"elementor-post__excerpt\">\n\t\t\t<p>Giri\u015f G\u00fcn\u00fcm\u00fczde iCloud, Apple kullan\u0131c\u0131lar\u0131 i\u00e7in \u00e7ok \u00f6nemli bir hizmet sunuyor. iCloud, verilerinizi yedeklemek, cihazlar\u0131n\u0131z aras\u0131nda senkronizasyon sa\u011flamak ve Apple cihazlar\u0131n\u0131zda \u00e7e\u015fitli \u00f6zelliklere eri\u015fmek i\u00e7in<\/p>\n\t\t<\/div>\n\t\t\n\t\t<a class=\"elementor-post__read-more\" href=\"https:\/\/www.ultshare.com\/tr\/icloud-sifremi-unuttum-ne-yapabilirim.html\" aria-label=\"Read more about iCloud \u015eifremi Unuttum, Ne Yapabilirim?\" tabindex=\"-1\" >\n\t\t\tRead More \u00bb\t\t<\/a>\n\n\t\t\t\t<\/div>\n\t\t\t\t<div class=\"elementor-post__meta-data\">\n\t\t\t\t\t<span class=\"elementor-post-date\">\n\t\t\t12\/07\/2025\t\t<\/span>\n\t\t\t\t<span class=\"elementor-post-avatar\">\n\t\t\tYorum yap\u0131lmam\u0131\u015f\t\t<\/span>\n\t\t\t\t<\/div>\n\t\t\t\t\t<\/div>\n\t\t<\/article>\n\t\t\t\t<article class=\"elementor-post elementor-grid-item post-3907 post type-post status-publish format-standard hentry category-telefon-cozumu\" role=\"listitem\">\n\t\t\t<div class=\"elementor-post__card\">\n\t\t\t\t<div class=\"elementor-post__text\">\n\t\t\t\t<h3 class=\"elementor-post__title\">\n\t\t\t<a href=\"https:\/\/www.ultshare.com\/tr\/iphone-ekran-kilidi-kaldirma.html\" >\n\t\t\t\tiPhone Ekran Kilidi Kald\u0131rma: Sebepler, Y\u00f6ntemler ve En Etkili \u00c7\u00f6z\u00fcm\t\t\t<\/a>\n\t\t<\/h3>\n\t\t\t\t<div class=\"elementor-post__excerpt\">\n\t\t\t<p>iPhone\u00a0ekran kilidi, kullan\u0131c\u0131 g\u00fcvenli\u011fini sa\u011flamak i\u00e7in tasarlanm\u0131\u015f \u00f6nemli bir \u00f6zelliktir. Ancak baz\u0131 durumlarda, kullan\u0131c\u0131lar ekran kilidini kald\u0131rma ihtiyac\u0131 duyabilir. Bu yaz\u0131da, iPhone\u00a0ekran kilidi kald\u0131rma nedenlerini<\/p>\n\t\t<\/div>\n\t\t\n\t\t<a class=\"elementor-post__read-more\" href=\"https:\/\/www.ultshare.com\/tr\/iphone-ekran-kilidi-kaldirma.html\" aria-label=\"Read more about iPhone Ekran Kilidi Kald\u0131rma: Sebepler, Y\u00f6ntemler ve En Etkili \u00c7\u00f6z\u00fcm\" tabindex=\"-1\" >\n\t\t\tRead More \u00bb\t\t<\/a>\n\n\t\t\t\t<\/div>\n\t\t\t\t<div class=\"elementor-post__meta-data\">\n\t\t\t\t\t<span class=\"elementor-post-date\">\n\t\t\t15\/07\/2025\t\t<\/span>\n\t\t\t\t<span class=\"elementor-post-avatar\">\n\t\t\tYorum yap\u0131lmam\u0131\u015f\t\t<\/span>\n\t\t\t\t<\/div>\n\t\t\t\t\t<\/div>\n\t\t<\/article>\n\t\t\t\t<article class=\"elementor-post elementor-grid-item post-3911 post type-post status-publish format-standard hentry category-telefon-cozumu\" role=\"listitem\">\n\t\t\t<div class=\"elementor-post__card\">\n\t\t\t\t<div class=\"elementor-post__text\">\n\t\t\t\t<h3 class=\"elementor-post__title\">\n\t\t\t<a href=\"https:\/\/www.ultshare.com\/tr\/ipad-sifremi-unuttum.html\" >\n\t\t\t\tiPad \u015eifremi Unuttum: Neler Olur ve Ne Yapmal\u0131y\u0131m?\t\t\t<\/a>\n\t\t<\/h3>\n\t\t\t\t<div class=\"elementor-post__excerpt\">\n\t\t\t<p>iPad \u015fifremi unuttum, iPad \u015fifremi unuttum bilgisayars\u0131z, iPad parolam\u0131 unuttum gibi sorunlar, \u00e7o\u011fu kullan\u0131c\u0131 i\u00e7in karma\u015f\u0131k bir problem olabilir. Bu yaz\u0131da, iPad \u015fifremi unuttum durumunda<\/p>\n\t\t<\/div>\n\t\t\n\t\t<a class=\"elementor-post__read-more\" href=\"https:\/\/www.ultshare.com\/tr\/ipad-sifremi-unuttum.html\" aria-label=\"Read more about iPad \u015eifremi Unuttum: Neler Olur ve Ne Yapmal\u0131y\u0131m?\" tabindex=\"-1\" >\n\t\t\tRead More \u00bb\t\t<\/a>\n\n\t\t\t\t<\/div>\n\t\t\t\t<div class=\"elementor-post__meta-data\">\n\t\t\t\t\t<span class=\"elementor-post-date\">\n\t\t\t15\/07\/2025\t\t<\/span>\n\t\t\t\t<span class=\"elementor-post-avatar\">\n\t\t\tYorum yap\u0131lmam\u0131\u015f\t\t<\/span>\n\t\t\t\t<\/div>\n\t\t\t\t\t<\/div>\n\t\t<\/article>\n\t\t\t\t<article class=\"elementor-post elementor-grid-item post-3910 post type-post status-publish format-standard hentry category-telefon-cozumu\" role=\"listitem\">\n\t\t\t<div class=\"elementor-post__card\">\n\t\t\t\t<div class=\"elementor-post__text\">\n\t\t\t\t<h3 class=\"elementor-post__title\">\n\t\t\t<a href=\"https:\/\/www.ultshare.com\/tr\/iphone-dondu-kapanmiyor.html\" >\n\t\t\t\tiPhone Dondu Kapanm\u0131yor: Kapatma Sorunlar\u0131 ve Kal\u0131c\u0131 \u00c7\u00f6z\u00fcm Rehberi\t\t\t<\/a>\n\t\t<\/h3>\n\t\t\t\t<div class=\"elementor-post__excerpt\">\n\t\t\t<p>iPhone dondu kapanm\u0131yor sorunu, bir\u00e7ok kullan\u0131c\u0131n\u0131n kar\u015f\u0131la\u015ft\u0131\u011f\u0131 ciddi bir problemdir. Bu durum bazen sadece ge\u00e7ici bir donma olabilirken, bazen de donan\u0131msal veya sistemsel ar\u0131zalar\u0131n i\u015fareti<\/p>\n\t\t<\/div>\n\t\t\n\t\t<a class=\"elementor-post__read-more\" href=\"https:\/\/www.ultshare.com\/tr\/iphone-dondu-kapanmiyor.html\" aria-label=\"Read more about iPhone Dondu Kapanm\u0131yor: Kapatma Sorunlar\u0131 ve Kal\u0131c\u0131 \u00c7\u00f6z\u00fcm Rehberi\" tabindex=\"-1\" >\n\t\t\tRead More \u00bb\t\t<\/a>\n\n\t\t\t\t<\/div>\n\t\t\t\t<div class=\"elementor-post__meta-data\">\n\t\t\t\t\t<span class=\"elementor-post-date\">\n\t\t\t16\/07\/2025\t\t<\/span>\n\t\t\t\t<span class=\"elementor-post-avatar\">\n\t\t\tYorum yap\u0131lmam\u0131\u015f\t\t<\/span>\n\t\t\t\t<\/div>\n\t\t\t\t\t<\/div>\n\t\t<\/article>\n\t\t\t\t<article class=\"elementor-post elementor-grid-item post-3921 post type-post status-publish format-standard hentry category-telefon-cozumu\" role=\"listitem\">\n\t\t\t<div class=\"elementor-post__card\">\n\t\t\t\t<div class=\"elementor-post__text\">\n\t\t\t\t<h3 class=\"elementor-post__title\">\n\t\t\t<a href=\"https:\/\/www.ultshare.com\/tr\/apple-kimlik-sifremi-unuttum.html\" >\n\t\t\t\tApple Kimlik \u015eifremi Unuttum: Ne Yapmal\u0131y\u0131m?\t\t\t<\/a>\n\t\t<\/h3>\n\t\t\t\t<div class=\"elementor-post__excerpt\">\n\t\t\t<p>Apple cihazlar\u0131n\u0131 g\u00fcvenli tutmak i\u00e7in kullan\u0131lan Apple kimlik \u015fifresi, zamanla unutulabilir. Bu durumda, Apple kimlik \u015fifremi unuttum ya da Apple kimli\u011fi \u015fifremi unuttum diyen kullan\u0131c\u0131lar\u0131n<\/p>\n\t\t<\/div>\n\t\t\n\t\t<a class=\"elementor-post__read-more\" href=\"https:\/\/www.ultshare.com\/tr\/apple-kimlik-sifremi-unuttum.html\" aria-label=\"Read more about Apple Kimlik \u015eifremi Unuttum: Ne Yapmal\u0131y\u0131m?\" tabindex=\"-1\" >\n\t\t\tRead More \u00bb\t\t<\/a>\n\n\t\t\t\t<\/div>\n\t\t\t\t<div class=\"elementor-post__meta-data\">\n\t\t\t\t\t<span class=\"elementor-post-date\">\n\t\t\t23\/07\/2025\t\t<\/span>\n\t\t\t\t<span class=\"elementor-post-avatar\">\n\t\t\tYorum yap\u0131lmam\u0131\u015f\t\t<\/span>\n\t\t\t\t<\/div>\n\t\t\t\t\t<\/div>\n\t\t<\/article>\n\t\t\t\t<article class=\"elementor-post elementor-grid-item post-3922 post type-post status-publish format-standard hentry category-telefon-cozumu\" role=\"listitem\">\n\t\t\t<div class=\"elementor-post__card\">\n\t\t\t\t<div class=\"elementor-post__text\">\n\t\t\t\t<h3 class=\"elementor-post__title\">\n\t\t\t<a href=\"https:\/\/www.ultshare.com\/tr\/iphone-ekran-kilidi.html\" >\n\t\t\t\tiPhone Ekran Kilidi: T\u00fcrleri, Kald\u0131rma Y\u00f6ntemleri ve \u015eifre Olmadan A\u00e7ma Rehberi\t\t\t<\/a>\n\t\t<\/h3>\n\t\t\t\t<div class=\"elementor-post__excerpt\">\n\t\t\t<p>iPhone\u00a0kullan\u0131c\u0131lar\u0131n\u0131n en s\u0131k kar\u015f\u0131la\u015ft\u0131\u011f\u0131 sorunlardan biri iPhone\u00a0ekran kilidi ile ilgili problemlerdir. \u201cEkran kilidini unuttum\u201d, \u201ciPhone\u00a0ekran kilidini unuttum\u201d veya \u201ckilit ekran\u0131 \u015fifresini unuttum\u201d gibi durumlarda cihaz\u0131n\u0131za<\/p>\n\t\t<\/div>\n\t\t\n\t\t<a class=\"elementor-post__read-more\" href=\"https:\/\/www.ultshare.com\/tr\/iphone-ekran-kilidi.html\" aria-label=\"Read more about iPhone Ekran Kilidi: T\u00fcrleri, Kald\u0131rma Y\u00f6ntemleri ve \u015eifre Olmadan A\u00e7ma Rehberi\" tabindex=\"-1\" >\n\t\t\tRead More \u00bb\t\t<\/a>\n\n\t\t\t\t<\/div>\n\t\t\t\t<div class=\"elementor-post__meta-data\">\n\t\t\t\t\t<span class=\"elementor-post-date\">\n\t\t\t25\/07\/2025\t\t<\/span>\n\t\t\t\t<span class=\"elementor-post-avatar\">\n\t\t\tYorum yap\u0131lmam\u0131\u015f\t\t<\/span>\n\t\t\t\t<\/div>\n\t\t\t\t\t<\/div>\n\t\t<\/article>\n\t\t\t\t<article class=\"elementor-post elementor-grid-item post-3923 post type-post status-publish format-standard hentry category-telefon-cozumu\" role=\"listitem\">\n\t\t\t<div class=\"elementor-post__card\">\n\t\t\t\t<div class=\"elementor-post__text\">\n\t\t\t\t<h3 class=\"elementor-post__title\">\n\t\t\t<a href=\"https:\/\/www.ultshare.com\/tr\/iphone-acilmiyor.html\" >\n\t\t\t\tiPhone A\u00e7\u0131lm\u0131yor: Nedenleri ve Kesin \u00c7\u00f6z\u00fcm Y\u00f6ntemleri\t\t\t<\/a>\n\t\t<\/h3>\n\t\t\t\t<div class=\"elementor-post__excerpt\">\n\t\t\t<p>G\u00fcn\u00fcm\u00fczde bir\u00e7ok kullan\u0131c\u0131, \u201ciPhone\u00a0a\u00e7\u0131lm\u0131yor\u201d veya \u201ciPhone\u00a0a\u00e7\u0131lm\u0131yor kesin \u00e7\u00f6z\u00fcm nedir?\u201d gibi sorularla kar\u015f\u0131 kar\u015f\u0131ya kal\u0131yor. Telefonun kendili\u011finden kapanmas\u0131, a\u00e7\u0131l\u0131\u015fta Apple logosunda kalmas\u0131 ya da tamamen tepkisiz<\/p>\n\t\t<\/div>\n\t\t\n\t\t<a class=\"elementor-post__read-more\" href=\"https:\/\/www.ultshare.com\/tr\/iphone-acilmiyor.html\" aria-label=\"Read more about iPhone A\u00e7\u0131lm\u0131yor: Nedenleri ve Kesin \u00c7\u00f6z\u00fcm Y\u00f6ntemleri\" tabindex=\"-1\" >\n\t\t\tRead More \u00bb\t\t<\/a>\n\n\t\t\t\t<\/div>\n\t\t\t\t<div class=\"elementor-post__meta-data\">\n\t\t\t\t\t<span class=\"elementor-post-date\">\n\t\t\t28\/07\/2025\t\t<\/span>\n\t\t\t\t<span class=\"elementor-post-avatar\">\n\t\t\tYorum yap\u0131lmam\u0131\u015f\t\t<\/span>\n\t\t\t\t<\/div>\n\t\t\t\t\t<\/div>\n\t\t<\/article>\n\t\t\t\t<article class=\"elementor-post elementor-grid-item post-4012 post type-post status-publish format-standard hentry category-telefon-cozumu\" role=\"listitem\">\n\t\t\t<div class=\"elementor-post__card\">\n\t\t\t\t<div class=\"elementor-post__text\">\n\t\t\t\t<h3 class=\"elementor-post__title\">\n\t\t\t<a href=\"https:\/\/www.ultshare.com\/tr\/telefonun-pin-kodunu-unuttum-2.html\" >\n\t\t\t\tTelefonun PIN Kodunu Unuttum: Ne Olur ve Nas\u0131l Kurtar\u0131l\u0131r?\t\t\t<\/a>\n\t\t<\/h3>\n\t\t\t\t<div class=\"elementor-post__excerpt\">\n\t\t\t<p>Giri\u015f Telefonun pin kodunu unuttum diyorsan\u0131z, yaln\u0131z de\u011filsiniz. G\u00fcn\u00fcm\u00fczde bir\u00e7ok kullan\u0131c\u0131, g\u00fcnl\u00fck hayatta yo\u011fun \u015fekilde kullan\u0131lan ekran kilidini ya da desen \u015fifresini unutabiliyor. Bu makalede,<\/p>\n\t\t<\/div>\n\t\t\n\t\t<a class=\"elementor-post__read-more\" href=\"https:\/\/www.ultshare.com\/tr\/telefonun-pin-kodunu-unuttum-2.html\" aria-label=\"Read more about Telefonun PIN Kodunu Unuttum: Ne Olur ve Nas\u0131l Kurtar\u0131l\u0131r?\" tabindex=\"-1\" >\n\t\t\tRead More \u00bb\t\t<\/a>\n\n\t\t\t\t<\/div>\n\t\t\t\t<div class=\"elementor-post__meta-data\">\n\t\t\t\t\t<span class=\"elementor-post-date\">\n\t\t\t30\/07\/2025\t\t<\/span>\n\t\t\t\t<span class=\"elementor-post-avatar\">\n\t\t\tYorum yap\u0131lmam\u0131\u015f\t\t<\/span>\n\t\t\t\t<\/div>\n\t\t\t\t\t<\/div>\n\t\t<\/article>\n\t\t\t\t<article class=\"elementor-post elementor-grid-item post-4008 post type-post status-publish format-standard hentry category-telefon-cozumu\" role=\"listitem\">\n\t\t\t<div class=\"elementor-post__card\">\n\t\t\t\t<div class=\"elementor-post__text\">\n\t\t\t\t<h3 class=\"elementor-post__title\">\n\t\t\t<a href=\"https:\/\/www.ultshare.com\/tr\/telefon-sifremi-unuttum.html\" >\n\t\t\t\tTelefon \u015eifremi Unuttum: Ne Yapmal\u0131y\u0131m?\t\t\t<\/a>\n\t\t<\/h3>\n\t\t\t\t<div class=\"elementor-post__excerpt\">\n\t\t\t<p>Giri\u015f Ak\u0131ll\u0131 telefonlar\u0131m\u0131z hayat\u0131m\u0131z\u0131n vazge\u00e7ilmez bir par\u00e7as\u0131 haline geldi. Ancak, bazen en basit ama en can s\u0131k\u0131c\u0131 sorunlardan biriyle kar\u015f\u0131la\u015fabiliriz: telefon \u015fifremizi unutmak. \u201cTelefon \u015fifremi<\/p>\n\t\t<\/div>\n\t\t\n\t\t<a class=\"elementor-post__read-more\" href=\"https:\/\/www.ultshare.com\/tr\/telefon-sifremi-unuttum.html\" aria-label=\"Read more about Telefon \u015eifremi Unuttum: Ne Yapmal\u0131y\u0131m?\" tabindex=\"-1\" >\n\t\t\tRead More \u00bb\t\t<\/a>\n\n\t\t\t\t<\/div>\n\t\t\t\t<div class=\"elementor-post__meta-data\">\n\t\t\t\t\t<span class=\"elementor-post-date\">\n\t\t\t01\/08\/2025\t\t<\/span>\n\t\t\t\t<span class=\"elementor-post-avatar\">\n\t\t\tYorum yap\u0131lmam\u0131\u015f\t\t<\/span>\n\t\t\t\t<\/div>\n\t\t\t\t\t<\/div>\n\t\t<\/article>\n\t\t\t\t<article class=\"elementor-post elementor-grid-item post-4015 post type-post status-publish format-standard hentry category-telefon-cozumu\" role=\"listitem\">\n\t\t\t<div class=\"elementor-post__card\">\n\t\t\t\t<div class=\"elementor-post__text\">\n\t\t\t\t<h3 class=\"elementor-post__title\">\n\t\t\t<a href=\"https:\/\/www.ultshare.com\/tr\/iphone-ekran-donmasi.html\" >\n\t\t\t\tiPhone Ekran Donmas\u0131 Sorunu: Sebepler, Etkiler ve Kesin \u00c7\u00f6z\u00fcmler\t\t\t<\/a>\n\t\t<\/h3>\n\t\t\t\t<div class=\"elementor-post__excerpt\">\n\t\t\t<p>&#8220;iPhone\u00a0ekran donmas\u0131&#8221; son y\u0131llarda kullan\u0131c\u0131lar\u0131n s\u0131k s\u0131k kar\u015f\u0131la\u015ft\u0131\u011f\u0131 sorunlardan biridir. Bu durum, cihaz\u0131n kullan\u0131m\u0131n\u0131 tamamen durdurur ve ciddi verimlilik kayb\u0131na neden olur. &#8220;iPhone\u00a0elma logosunda kal\u0131yor&#8221;,<\/p>\n\t\t<\/div>\n\t\t\n\t\t<a class=\"elementor-post__read-more\" href=\"https:\/\/www.ultshare.com\/tr\/iphone-ekran-donmasi.html\" aria-label=\"Read more about iPhone Ekran Donmas\u0131 Sorunu: Sebepler, Etkiler ve Kesin \u00c7\u00f6z\u00fcmler\" tabindex=\"-1\" >\n\t\t\tRead More \u00bb\t\t<\/a>\n\n\t\t\t\t<\/div>\n\t\t\t\t<div class=\"elementor-post__meta-data\">\n\t\t\t\t\t<span class=\"elementor-post-date\">\n\t\t\t04\/08\/2025\t\t<\/span>\n\t\t\t\t<span class=\"elementor-post-avatar\">\n\t\t\tYorum yap\u0131lmam\u0131\u015f\t\t<\/span>\n\t\t\t\t<\/div>\n\t\t\t\t\t<\/div>\n\t\t<\/article>\n\t\t\t\t<article class=\"elementor-post elementor-grid-item post-4014 post type-post status-publish format-standard hentry category-telefon-cozumu\" role=\"listitem\">\n\t\t\t<div class=\"elementor-post__card\">\n\t\t\t\t<div class=\"elementor-post__text\">\n\t\t\t\t<h3 class=\"elementor-post__title\">\n\t\t\t<a href=\"https:\/\/www.ultshare.com\/tr\/iphone-dokunmatik-calismiyor.html\" >\n\t\t\t\tiPhone Dokunmatik \u00c7al\u0131\u015fm\u0131yor: Nedenleri, Etkileri ve Kesin \u00c7\u00f6z\u00fcmler\t\t\t<\/a>\n\t\t<\/h3>\n\t\t\t\t<div class=\"elementor-post__excerpt\">\n\t\t\t<p>&#8220;iPhone\u00a0dokunmatik \u00e7al\u0131\u015fm\u0131yor&#8221; sorunu, bir\u00e7ok kullan\u0131c\u0131n\u0131n kar\u015f\u0131la\u015ft\u0131\u011f\u0131 yayg\u0131n ve can s\u0131k\u0131c\u0131 problemlerden biridir. &#8220;iPhone\u00a0ekran dokunmati\u011fi \u00e7al\u0131\u015fm\u0131yor&#8221; ya da &#8220;iPhone\u00a0X dokunmatik \u00e7al\u0131\u015fm\u0131yor&#8221; gibi \u015fikayetler, hem donan\u0131msal hem<\/p>\n\t\t<\/div>\n\t\t\n\t\t<a class=\"elementor-post__read-more\" href=\"https:\/\/www.ultshare.com\/tr\/iphone-dokunmatik-calismiyor.html\" aria-label=\"Read more about iPhone Dokunmatik \u00c7al\u0131\u015fm\u0131yor: Nedenleri, Etkileri ve Kesin \u00c7\u00f6z\u00fcmler\" tabindex=\"-1\" >\n\t\t\tRead More \u00bb\t\t<\/a>\n\n\t\t\t\t<\/div>\n\t\t\t\t<div class=\"elementor-post__meta-data\">\n\t\t\t\t\t<span class=\"elementor-post-date\">\n\t\t\t06\/08\/2025\t\t<\/span>\n\t\t\t\t<span class=\"elementor-post-avatar\">\n\t\t\tYorum yap\u0131lmam\u0131\u015f\t\t<\/span>\n\t\t\t\t<\/div>\n\t\t\t\t\t<\/div>\n\t\t<\/article>\n\t\t\t\t<\/div>\n\t\t\n\t\t\t\t<div class=\"e-load-more-anchor\" data-page=\"1\" data-max-page=\"8\" data-next-page=\"https:\/\/www.ultshare.com\/tr\/wp-json\/wp\/v2\/pages\/3675\/page\/2\"><\/div>\n\t\t\t\t<nav class=\"elementor-pagination\" aria-label=\"Pagination\">\n\t\t\t<span aria-current=\"page\" class=\"page-numbers current\"><span class=\"elementor-screen-only\">Page<\/span>1<\/span>\n<a class=\"page-numbers\" href=\"https:\/\/www.ultshare.com\/tr\/wp-json\/wp\/v2\/pages\/3675\/page\/2\"><span class=\"elementor-screen-only\">Page<\/span>2<\/a>\n<a class=\"page-numbers\" href=\"https:\/\/www.ultshare.com\/tr\/wp-json\/wp\/v2\/pages\/3675\/page\/3\"><span class=\"elementor-screen-only\">Page<\/span>3<\/a>\n<a class=\"page-numbers\" href=\"https:\/\/www.ultshare.com\/tr\/wp-json\/wp\/v2\/pages\/3675\/page\/4\"><span class=\"elementor-screen-only\">Page<\/span>4<\/a>\n<a class=\"page-numbers\" href=\"https:\/\/www.ultshare.com\/tr\/wp-json\/wp\/v2\/pages\/3675\/page\/5\"><span class=\"elementor-screen-only\">Page<\/span>5<\/a>\t\t<\/nav>\n\t\t\t\t\t\t<\/div>\n\t\t\t\t<\/div>\n\t\t\t\t\t<\/div>\n\t\t<\/div>\n\t\t\t\t\t<\/div>\n\t\t<\/section>\n\t\t\t\t<\/div>\n\t\t","protected":false},"excerpt":{"rendered":"","protected":false},"author":2,"featured_media":0,"parent":0,"menu_order":0,"comment_status":"closed","ping_status":"closed","template":"","meta":{"footnotes":""},"class_list":["post-3675","page","type-page","status-publish","hentry"],"aioseo_notices":[],"_links":{"self":[{"href":"https:\/\/www.ultshare.com\/tr\/wp-json\/wp\/v2\/pages\/3675","targetHints":{"allow":["GET"]}}],"collection":[{"href":"https:\/\/www.ultshare.com\/tr\/wp-json\/wp\/v2\/pages"}],"about":[{"href":"https:\/\/www.ultshare.com\/tr\/wp-json\/wp\/v2\/types\/page"}],"author":[{"embeddable":true,"href":"https:\/\/www.ultshare.com\/tr\/wp-json\/wp\/v2\/users\/2"}],"replies":[{"embeddable":true,"href":"https:\/\/www.ultshare.com\/tr\/wp-json\/wp\/v2\/comments?post=3675"}],"version-history":[{"count":0,"href":"https:\/\/www.ultshare.com\/tr\/wp-json\/wp\/v2\/pages\/3675\/revisions"}],"wp:attachment":[{"href":"https:\/\/www.ultshare.com\/tr\/wp-json\/wp\/v2\/media?parent=3675"}],"curies":[{"name":"wp","href":"https:\/\/api.w.org\/{rel}","templated":true}]}}